{"id":682,"date":"2021-03-30T10:09:42","date_gmt":"2021-03-30T13:09:42","guid":{"rendered":"https:\/\/indusbello.co\/?page_id=8"},"modified":"2021-04-20T16:46:55","modified_gmt":"2021-04-20T19:46:55","slug":"sobre","status":"publish","type":"page","link":"https:\/\/indusbello.co\/?page_id=682&lang=es","title":{"rendered":"Sobre"},"content":{"rendered":"<p>Fundamos nuestra empresa en 1994 cuando nos dimos cuenta de que faltaban en el mercado productos diferenciados y de calidad en el sector de la salud. Y de ah\u00ed nace nuestro af\u00e1n de innovar, de crear productos que faciliten la vida de los profesionales que trabajan en este campo, con ganancias en productividad, precisi\u00f3n, organizaci\u00f3n o calidad de tr\u00e1mites. Es decir, productos que ayuden a generar bienestar y contribuyan al \u00e9xito de sus actividades.<\/p>\n<p>Queremos inspirarnos y estar presentes en el d\u00eda a d\u00eda, no solo en la relaci\u00f3n marca-cliente, sino como socios. Tirar de las tendencias y ser un referente en calidad e innovaci\u00f3n es nuestro compromiso.<\/p>\n","protected":false},"excerpt":{"rendered":"<p>Fundamos nuestra empresa en 1994 cuando nos dimos cuenta de\u2026<\/p>\n","protected":false},"author":8,"featured_media":0,"parent":0,"menu_order":0,"comment_status":"closed","ping_status":"closed","template":"template-about.php","meta":{"_acf_changed":false,"inline_featured_image":false,"footnotes":""},"class_list":["post-682","page","type-page","status-publish","hentry"],"acf":[],"yoast_head":"<!-- This site is optimized with the Yoast SEO plugin v27.2 - https:\/\/yoast.com\/product\/yoast-seo-wordpress\/ -->\n<title>Sobre - Indusbello Company<\/title>\n<meta name=\"robots\" content=\"index, follow, max-snippet:-1, max-image-preview:large, max-video-preview:-1\" \/>\n<link rel=\"canonical\" href=\"https:\/\/indusbello.co\/?page_id=682&lang=es\" \/>\n<meta property=\"og:locale\" content=\"pt_BR\" \/>\n<meta property=\"og:type\" content=\"article\" \/>\n<meta property=\"og:title\" content=\"Sobre - Indusbello Company\" \/>\n<meta property=\"og:description\" content=\"Fundamos nuestra empresa en 1994 cuando nos dimos cuenta de\u2026\" \/>\n<meta property=\"og:url\" content=\"https:\/\/indusbello.co\/?page_id=682&amp;lang=es\" \/>\n<meta property=\"og:site_name\" content=\"Indusbello Company\" \/>\n<meta property=\"article:modified_time\" content=\"2021-04-20T19:46:55+00:00\" \/>\n<meta name=\"twitter:card\" content=\"summary_large_image\" \/>\n<meta name=\"twitter:label1\" content=\"Est. tempo de leitura\" \/>\n\t<meta name=\"twitter:data1\" content=\"1 minuto\" \/>\n<script type=\"application\/ld+json\" class=\"yoast-schema-graph\">{\"@context\":\"https:\/\/schema.org\",\"@graph\":[{\"@type\":\"WebPage\",\"@id\":\"https:\/\/indusbello.co\/?page_id=682&lang=es\",\"url\":\"https:\/\/indusbello.co\/?page_id=682&lang=es\",\"name\":\"Sobre - Indusbello Company\",\"isPartOf\":{\"@id\":\"https:\/\/indusbello.co\/#website\"},\"datePublished\":\"2021-03-30T13:09:42+00:00\",\"dateModified\":\"2021-04-20T19:46:55+00:00\",\"breadcrumb\":{\"@id\":\"https:\/\/indusbello.co\/?page_id=682&lang=es#breadcrumb\"},\"inLanguage\":\"pt-BR\",\"potentialAction\":[{\"@type\":\"ReadAction\",\"target\":[\"https:\/\/indusbello.co\/?page_id=682&lang=es\"]}]},{\"@type\":\"BreadcrumbList\",\"@id\":\"https:\/\/indusbello.co\/?page_id=682&lang=es#breadcrumb\",\"itemListElement\":[{\"@type\":\"ListItem\",\"position\":1,\"name\":\"In\u00edcio\",\"item\":\"https:\/\/indusbello.co\/\"},{\"@type\":\"ListItem\",\"position\":2,\"name\":\"Sobre\"}]},{\"@type\":\"WebSite\",\"@id\":\"https:\/\/indusbello.co\/#website\",\"url\":\"https:\/\/indusbello.co\/\",\"name\":\"Indusbello Company\",\"description\":\"Produtos odontol\u00f3gicos e m\u00e9dico-hospitalares\",\"publisher\":{\"@id\":\"https:\/\/indusbello.co\/#organization\"},\"potentialAction\":[{\"@type\":\"SearchAction\",\"target\":{\"@type\":\"EntryPoint\",\"urlTemplate\":\"https:\/\/indusbello.co\/?s={search_term_string}\"},\"query-input\":{\"@type\":\"PropertyValueSpecification\",\"valueRequired\":true,\"valueName\":\"search_term_string\"}}],\"inLanguage\":\"pt-BR\"},{\"@type\":\"Organization\",\"@id\":\"https:\/\/indusbello.co\/#organization\",\"name\":\"Indusbello Company\",\"url\":\"https:\/\/indusbello.co\/\",\"logo\":{\"@type\":\"ImageObject\",\"inLanguage\":\"pt-BR\",\"@id\":\"https:\/\/indusbello.co\/#\/schema\/logo\/image\/\",\"url\":\"https:\/\/skyblue-gorilla-429339.hostingersite.com\/wp-content\/uploads\/2021\/08\/Assinatura-Horizontal_AZUL.png\",\"contentUrl\":\"https:\/\/skyblue-gorilla-429339.hostingersite.com\/wp-content\/uploads\/2021\/08\/Assinatura-Horizontal_AZUL.png\",\"width\":4000,\"height\":919,\"caption\":\"Indusbello Company\"},\"image\":{\"@id\":\"https:\/\/indusbello.co\/#\/schema\/logo\/image\/\"}}]}<\/script>\n<!-- \/ Yoast SEO plugin. -->","yoast_head_json":{"title":"Sobre - Indusbello Company","robots":{"index":"index","follow":"follow","max-snippet":"max-snippet:-1","max-image-preview":"max-image-preview:large","max-video-preview":"max-video-preview:-1"},"canonical":"https:\/\/indusbello.co\/?page_id=682&lang=es","og_locale":"pt_BR","og_type":"article","og_title":"Sobre - Indusbello Company","og_description":"Fundamos nuestra empresa en 1994 cuando nos dimos cuenta de\u2026","og_url":"https:\/\/indusbello.co\/?page_id=682&lang=es","og_site_name":"Indusbello Company","article_modified_time":"2021-04-20T19:46:55+00:00","twitter_card":"summary_large_image","twitter_misc":{"Est. tempo de leitura":"1 minuto"},"schema":{"@context":"https:\/\/schema.org","@graph":[{"@type":"WebPage","@id":"https:\/\/indusbello.co\/?page_id=682&lang=es","url":"https:\/\/indusbello.co\/?page_id=682&lang=es","name":"Sobre - Indusbello Company","isPartOf":{"@id":"https:\/\/indusbello.co\/#website"},"datePublished":"2021-03-30T13:09:42+00:00","dateModified":"2021-04-20T19:46:55+00:00","breadcrumb":{"@id":"https:\/\/indusbello.co\/?page_id=682&lang=es#breadcrumb"},"inLanguage":"pt-BR","potentialAction":[{"@type":"ReadAction","target":["https:\/\/indusbello.co\/?page_id=682&lang=es"]}]},{"@type":"BreadcrumbList","@id":"https:\/\/indusbello.co\/?page_id=682&lang=es#breadcrumb","itemListElement":[{"@type":"ListItem","position":1,"name":"In\u00edcio","item":"https:\/\/indusbello.co\/"},{"@type":"ListItem","position":2,"name":"Sobre"}]},{"@type":"WebSite","@id":"https:\/\/indusbello.co\/#website","url":"https:\/\/indusbello.co\/","name":"Indusbello Company","description":"Produtos odontol\u00f3gicos e m\u00e9dico-hospitalares","publisher":{"@id":"https:\/\/indusbello.co\/#organization"},"potentialAction":[{"@type":"SearchAction","target":{"@type":"EntryPoint","urlTemplate":"https:\/\/indusbello.co\/?s={search_term_string}"},"query-input":{"@type":"PropertyValueSpecification","valueRequired":true,"valueName":"search_term_string"}}],"inLanguage":"pt-BR"},{"@type":"Organization","@id":"https:\/\/indusbello.co\/#organization","name":"Indusbello Company","url":"https:\/\/indusbello.co\/","logo":{"@type":"ImageObject","inLanguage":"pt-BR","@id":"https:\/\/indusbello.co\/#\/schema\/logo\/image\/","url":"https:\/\/skyblue-gorilla-429339.hostingersite.com\/wp-content\/uploads\/2021\/08\/Assinatura-Horizontal_AZUL.png","contentUrl":"https:\/\/skyblue-gorilla-429339.hostingersite.com\/wp-content\/uploads\/2021\/08\/Assinatura-Horizontal_AZUL.png","width":4000,"height":919,"caption":"Indusbello Company"},"image":{"@id":"https:\/\/indusbello.co\/#\/schema\/logo\/image\/"}}]}},"lang":"es","translations":{"es":682,"pt":8},"pll_sync_post":[],"_links":{"self":[{"href":"https:\/\/indusbello.co\/index.php?rest_route=\/wp\/v2\/pages\/682","targetHints":{"allow":["GET"]}}],"collection":[{"href":"https:\/\/indusbello.co\/index.php?rest_route=\/wp\/v2\/pages"}],"about":[{"href":"https:\/\/indusbello.co\/index.php?rest_route=\/wp\/v2\/types\/page"}],"author":[{"embeddable":true,"href":"https:\/\/indusbello.co\/index.php?rest_route=\/wp\/v2\/users\/8"}],"replies":[{"embeddable":true,"href":"https:\/\/indusbello.co\/index.php?rest_route=%2Fwp%2Fv2%2Fcomments&post=682"}],"version-history":[{"count":5,"href":"https:\/\/indusbello.co\/index.php?rest_route=\/wp\/v2\/pages\/682\/revisions"}],"predecessor-version":[{"id":893,"href":"https:\/\/indusbello.co\/index.php?rest_route=\/wp\/v2\/pages\/682\/revisions\/893"}],"wp:attachment":[{"href":"https:\/\/indusbello.co\/index.php?rest_route=%2Fwp%2Fv2%2Fmedia&parent=682"}],"curies":[{"name":"wp","href":"https:\/\/api.w.org\/{rel}","templated":true}]}}