{"id":21,"date":"2021-03-31T14:41:26","date_gmt":"2021-03-31T17:41:26","guid":{"rendered":"https:\/\/indusbello.co\/?page_id=21"},"modified":"2021-04-05T18:36:25","modified_gmt":"2021-04-05T21:36:25","slug":"trabalhe-conosco","status":"publish","type":"page","link":"https:\/\/indusbello.co\/?page_id=21","title":{"rendered":"Trabalhe conosco"},"content":{"rendered":"<p>Colocamos as pessoas em primeiro lugar. E isso come\u00e7a de dentro. Temos como prioridade proporcionar qualidade de vida aos nossos colaboradores e incentivamos a ousadia, criatividade e iniciativa. Temos um ambiente que facilita o compartilhamento de ideias e talentos, respeitando a diversidade de pensamentos e estimulando a integra\u00e7\u00e3o e o trabalho em equipe. Nosso ambiente de trabalho se reflete em nossa imagem e n\u00e3o \u00e9 \u00e0 toa que estamos desde 2018 dentre as melhores empresas para se trabalhar, ganhando por diversos anos consecutivos o selo GPTW \u2013 Great Place To Work.<\/p>\n","protected":false},"excerpt":{"rendered":"<p>Colocamos as pessoas em primeiro lugar. E isso come\u00e7a de\u2026<\/p>\n","protected":false},"author":8,"featured_media":0,"parent":0,"menu_order":0,"comment_status":"closed","ping_status":"closed","template":"template-careers.php","meta":{"_acf_changed":false,"inline_featured_image":false,"footnotes":""},"class_list":["post-21","page","type-page","status-publish","hentry"],"acf":[],"yoast_head":"<!-- This site is optimized with the Yoast SEO plugin v27.2 - https:\/\/yoast.com\/product\/yoast-seo-wordpress\/ -->\n<title>Trabalhe conosco - Indusbello Company<\/title>\n<meta name=\"robots\" content=\"index, follow, max-snippet:-1, max-image-preview:large, max-video-preview:-1\" \/>\n<link rel=\"canonical\" href=\"https:\/\/indusbello.co\/?page_id=21\" \/>\n<meta property=\"og:locale\" content=\"pt_BR\" \/>\n<meta property=\"og:type\" content=\"article\" \/>\n<meta property=\"og:title\" content=\"Trabalhe conosco - Indusbello Company\" \/>\n<meta property=\"og:description\" content=\"Colocamos as pessoas em primeiro lugar. E isso come\u00e7a de\u2026\" \/>\n<meta property=\"og:url\" content=\"https:\/\/indusbello.co\/?page_id=21\" \/>\n<meta property=\"og:site_name\" content=\"Indusbello Company\" \/>\n<meta property=\"article:modified_time\" content=\"2021-04-05T21:36:25+00:00\" \/>\n<meta name=\"twitter:card\" content=\"summary_large_image\" \/>\n<script type=\"application\/ld+json\" class=\"yoast-schema-graph\">{\"@context\":\"https:\/\/schema.org\",\"@graph\":[{\"@type\":\"WebPage\",\"@id\":\"https:\/\/indusbello.co\/?page_id=21\",\"url\":\"https:\/\/indusbello.co\/?page_id=21\",\"name\":\"Trabalhe conosco - Indusbello Company\",\"isPartOf\":{\"@id\":\"https:\/\/indusbello.co\/#website\"},\"datePublished\":\"2021-03-31T17:41:26+00:00\",\"dateModified\":\"2021-04-05T21:36:25+00:00\",\"breadcrumb\":{\"@id\":\"https:\/\/indusbello.co\/?page_id=21#breadcrumb\"},\"inLanguage\":\"pt-BR\",\"potentialAction\":[{\"@type\":\"ReadAction\",\"target\":[\"https:\/\/indusbello.co\/?page_id=21\"]}]},{\"@type\":\"BreadcrumbList\",\"@id\":\"https:\/\/indusbello.co\/?page_id=21#breadcrumb\",\"itemListElement\":[{\"@type\":\"ListItem\",\"position\":1,\"name\":\"In\u00edcio\",\"item\":\"https:\/\/indusbello.co\/\"},{\"@type\":\"ListItem\",\"position\":2,\"name\":\"Trabalhe conosco\"}]},{\"@type\":\"WebSite\",\"@id\":\"https:\/\/indusbello.co\/#website\",\"url\":\"https:\/\/indusbello.co\/\",\"name\":\"Indusbello Company\",\"description\":\"Produtos odontol\u00f3gicos e m\u00e9dico-hospitalares\",\"publisher\":{\"@id\":\"https:\/\/indusbello.co\/#organization\"},\"potentialAction\":[{\"@type\":\"SearchAction\",\"target\":{\"@type\":\"EntryPoint\",\"urlTemplate\":\"https:\/\/indusbello.co\/?s={search_term_string}\"},\"query-input\":{\"@type\":\"PropertyValueSpecification\",\"valueRequired\":true,\"valueName\":\"search_term_string\"}}],\"inLanguage\":\"pt-BR\"},{\"@type\":\"Organization\",\"@id\":\"https:\/\/indusbello.co\/#organization\",\"name\":\"Indusbello Company\",\"url\":\"https:\/\/indusbello.co\/\",\"logo\":{\"@type\":\"ImageObject\",\"inLanguage\":\"pt-BR\",\"@id\":\"https:\/\/indusbello.co\/#\/schema\/logo\/image\/\",\"url\":\"https:\/\/skyblue-gorilla-429339.hostingersite.com\/wp-content\/uploads\/2021\/08\/Assinatura-Horizontal_AZUL.png\",\"contentUrl\":\"https:\/\/skyblue-gorilla-429339.hostingersite.com\/wp-content\/uploads\/2021\/08\/Assinatura-Horizontal_AZUL.png\",\"width\":4000,\"height\":919,\"caption\":\"Indusbello Company\"},\"image\":{\"@id\":\"https:\/\/indusbello.co\/#\/schema\/logo\/image\/\"}}]}<\/script>\n<!-- \/ Yoast SEO plugin. -->","yoast_head_json":{"title":"Trabalhe conosco - Indusbello Company","robots":{"index":"index","follow":"follow","max-snippet":"max-snippet:-1","max-image-preview":"max-image-preview:large","max-video-preview":"max-video-preview:-1"},"canonical":"https:\/\/indusbello.co\/?page_id=21","og_locale":"pt_BR","og_type":"article","og_title":"Trabalhe conosco - Indusbello Company","og_description":"Colocamos as pessoas em primeiro lugar. E isso come\u00e7a de\u2026","og_url":"https:\/\/indusbello.co\/?page_id=21","og_site_name":"Indusbello Company","article_modified_time":"2021-04-05T21:36:25+00:00","twitter_card":"summary_large_image","schema":{"@context":"https:\/\/schema.org","@graph":[{"@type":"WebPage","@id":"https:\/\/indusbello.co\/?page_id=21","url":"https:\/\/indusbello.co\/?page_id=21","name":"Trabalhe conosco - Indusbello Company","isPartOf":{"@id":"https:\/\/indusbello.co\/#website"},"datePublished":"2021-03-31T17:41:26+00:00","dateModified":"2021-04-05T21:36:25+00:00","breadcrumb":{"@id":"https:\/\/indusbello.co\/?page_id=21#breadcrumb"},"inLanguage":"pt-BR","potentialAction":[{"@type":"ReadAction","target":["https:\/\/indusbello.co\/?page_id=21"]}]},{"@type":"BreadcrumbList","@id":"https:\/\/indusbello.co\/?page_id=21#breadcrumb","itemListElement":[{"@type":"ListItem","position":1,"name":"In\u00edcio","item":"https:\/\/indusbello.co\/"},{"@type":"ListItem","position":2,"name":"Trabalhe conosco"}]},{"@type":"WebSite","@id":"https:\/\/indusbello.co\/#website","url":"https:\/\/indusbello.co\/","name":"Indusbello Company","description":"Produtos odontol\u00f3gicos e m\u00e9dico-hospitalares","publisher":{"@id":"https:\/\/indusbello.co\/#organization"},"potentialAction":[{"@type":"SearchAction","target":{"@type":"EntryPoint","urlTemplate":"https:\/\/indusbello.co\/?s={search_term_string}"},"query-input":{"@type":"PropertyValueSpecification","valueRequired":true,"valueName":"search_term_string"}}],"inLanguage":"pt-BR"},{"@type":"Organization","@id":"https:\/\/indusbello.co\/#organization","name":"Indusbello Company","url":"https:\/\/indusbello.co\/","logo":{"@type":"ImageObject","inLanguage":"pt-BR","@id":"https:\/\/indusbello.co\/#\/schema\/logo\/image\/","url":"https:\/\/skyblue-gorilla-429339.hostingersite.com\/wp-content\/uploads\/2021\/08\/Assinatura-Horizontal_AZUL.png","contentUrl":"https:\/\/skyblue-gorilla-429339.hostingersite.com\/wp-content\/uploads\/2021\/08\/Assinatura-Horizontal_AZUL.png","width":4000,"height":919,"caption":"Indusbello Company"},"image":{"@id":"https:\/\/indusbello.co\/#\/schema\/logo\/image\/"}}]}},"lang":"pt","translations":{"pt":21,"en":683,"es":684},"pll_sync_post":[],"_links":{"self":[{"href":"https:\/\/indusbello.co\/index.php?rest_route=\/wp\/v2\/pages\/21","targetHints":{"allow":["GET"]}}],"collection":[{"href":"https:\/\/indusbello.co\/index.php?rest_route=\/wp\/v2\/pages"}],"about":[{"href":"https:\/\/indusbello.co\/index.php?rest_route=\/wp\/v2\/types\/page"}],"author":[{"embeddable":true,"href":"https:\/\/indusbello.co\/index.php?rest_route=\/wp\/v2\/users\/8"}],"replies":[{"embeddable":true,"href":"https:\/\/indusbello.co\/index.php?rest_route=%2Fwp%2Fv2%2Fcomments&post=21"}],"version-history":[{"count":4,"href":"https:\/\/indusbello.co\/index.php?rest_route=\/wp\/v2\/pages\/21\/revisions"}],"predecessor-version":[{"id":296,"href":"https:\/\/indusbello.co\/index.php?rest_route=\/wp\/v2\/pages\/21\/revisions\/296"}],"wp:attachment":[{"href":"https:\/\/indusbello.co\/index.php?rest_route=%2Fwp%2Fv2%2Fmedia&parent=21"}],"curies":[{"name":"wp","href":"https:\/\/api.w.org\/{rel}","templated":true}]}}